{"id":1895,"date":"2025-10-16T20:15:38","date_gmt":"2025-10-16T20:15:38","guid":{"rendered":"http:\/\/reachpeople.emilyneal.online\/wp\/?page_id=1895"},"modified":"2025-10-16T20:15:38","modified_gmt":"2025-10-16T20:15:38","slug":"about-us","status":"publish","type":"page","link":"https:\/\/heartbible.com\/es\/our-impact\/about-us\/","title":{"rendered":"Sobre Nosotros"},"content":{"rendered":"<div data-elementor-type=\"wp-page\" data-elementor-id=\"1895\" class=\"elementor elementor-1895\" data-elementor-post-type=\"page\">\n\t\t\t\t\t\t<section class=\"elementor-section elementor-top-section elementor-element elementor-element-55e2d77 elementor-section-full_width elementor-section-height-default elementor-section-height-default\" data-id=\"55e2d77\" data-element_type=\"section\" data-e-type=\"section\">\n\t\t\t\t\t\t<div class=\"elementor-container elementor-column-gap-default\">\n\t\t\t\t\t<div class=\"elementor-column elementor-col-100 elementor-top-column elementor-element elementor-element-7633531\" data-id=\"7633531\" data-element_type=\"column\" data-e-type=\"column\">\n\t\t\t<div class=\"elementor-widget-wrap elementor-element-populated\">\n\t\t\t\t\t\t<div class=\"elementor-element elementor-element-4803ced elementor-widget elementor-widget-heading\" data-id=\"4803ced\" data-element_type=\"widget\" data-e-type=\"widget\" data-widget_type=\"heading.default\">\n\t\t\t\t<div class=\"elementor-widget-container\">\n\t\t\t\t\t<h2 class=\"elementor-heading-title elementor-size-default\">\u00bfQu\u00e9 Quiere Decir Biblia de Coraz\u00f3n para las Naciones?<\/h2>\t\t\t\t<\/div>\n\t\t\t\t<\/div>\n\t\t\t\t<div class=\"elementor-element elementor-element-4ce72ae elementor-widget elementor-widget-text-editor\" data-id=\"4ce72ae\" data-element_type=\"widget\" data-e-type=\"widget\" data-widget_type=\"text-editor.default\">\n\t\t\t\t<div class=\"elementor-widget-container\">\n\t\t\t\t\t\t\t\t\t<p>Una Biblia de Coraz\u00f3n es la Palabra de Dios en nuestros corazones.<\/p>\t\t\t\t\t\t\t\t<\/div>\n\t\t\t\t<\/div>\n\t\t\t\t<div class=\"elementor-element elementor-element-5ebf24b elementor-widget elementor-widget-video\" data-id=\"5ebf24b\" data-element_type=\"widget\" data-e-type=\"widget\" data-settings=\"{&quot;youtube_url&quot;:&quot;https:\\\/\\\/youtu.be\\\/yXI4eK-PmcA&quot;,&quot;video_type&quot;:&quot;youtube&quot;,&quot;controls&quot;:&quot;yes&quot;}\" data-widget_type=\"video.default\">\n\t\t\t\t<div class=\"elementor-widget-container\">\n\t\t\t\t\t\t\t<div class=\"elementor-wrapper elementor-open-inline\">\n\t\t\t<div class=\"elementor-video\"><\/div>\t\t<\/div>\n\t\t\t\t\t\t<\/div>\n\t\t\t\t<\/div>\n\t\t\t\t<div class=\"elementor-element elementor-element-494f88c elementor-widget elementor-widget-spacer\" data-id=\"494f88c\" data-element_type=\"widget\" data-e-type=\"widget\" data-widget_type=\"spacer.default\">\n\t\t\t\t<div class=\"elementor-widget-container\">\n\t\t\t\t\t\t\t<div class=\"elementor-spacer\">\n\t\t\t<div class=\"elementor-spacer-inner\"><\/div>\n\t\t<\/div>\n\t\t\t\t\t\t<\/div>\n\t\t\t\t<\/div>\n\t\t\t\t\t<\/div>\n\t\t<\/div>\n\t\t\t\t\t<\/div>\n\t\t<\/section>\n\t\t\t\t<section class=\"elementor-section elementor-top-section elementor-element elementor-element-fbf9e92 elementor-section-boxed elementor-section-height-default elementor-section-height-default\" data-id=\"fbf9e92\" data-element_type=\"section\" data-e-type=\"section\">\n\t\t\t\t\t\t<div class=\"elementor-container elementor-column-gap-default\">\n\t\t\t\t\t<div class=\"elementor-column elementor-col-100 elementor-top-column elementor-element elementor-element-e4fdea3\" data-id=\"e4fdea3\" data-element_type=\"column\" data-e-type=\"column\">\n\t\t\t<div class=\"elementor-widget-wrap elementor-element-populated\">\n\t\t\t\t\t\t<div class=\"elementor-element elementor-element-a3518f7 elementor-widget elementor-widget-heading\" data-id=\"a3518f7\" data-element_type=\"widget\" data-e-type=\"widget\" data-widget_type=\"heading.default\">\n\t\t\t\t<div class=\"elementor-widget-container\">\n\t\t\t\t\t<h2 class=\"elementor-heading-title elementor-size-default\">Nuestros Valores y Convicciones Fundamentales<\/h2>\t\t\t\t<\/div>\n\t\t\t\t<\/div>\n\t\t\t\t<div class=\"elementor-element elementor-element-b3e7ab8 elementor-list-item-link-full_width elementor-widget elementor-widget-icon-list\" data-id=\"b3e7ab8\" data-element_type=\"widget\" data-e-type=\"widget\" data-widget_type=\"icon-list.default\">\n\t\t\t\t<div class=\"elementor-widget-container\">\n\t\t\t\t\t\t\t<ul class=\"elementor-icon-list-items\">\n\t\t\t\t\t\t\t<li class=\"elementor-icon-list-item\">\n\t\t\t\t\t\t\t\t\t\t\t<span class=\"elementor-icon-list-icon\">\n\t\t\t\t\t\t\t<svg aria-hidden=\"true\" class=\"e-font-icon-svg e-fas-dot-circle\" viewbox=\"0 0 512 512\" xmlns=\"http:\/\/www.w3.org\/2000\/svg\"><path d=\"M256 8C119.033 8 8 119.033 8 256s111.033 248 248 248 248-111.033 248-248S392.967 8 256 8zm80 248c0 44.112-35.888 80-80 80s-80-35.888-80-80 35.888-80 80-80 80 35.888 80 80z\"><\/path><\/svg>\t\t\t\t\t\t<\/span>\n\t\t\t\t\t\t\t\t\t\t<span class=\"elementor-icon-list-text\">La Palabra de Dios es nuestro pan de vida. Por eso, creemos que es necesario meditar en la Palabra de Dios y que ella mora en nosotros para nutrir el alma (Josu\u00e9 1:8; Colosenses 3:16).<\/span>\n\t\t\t\t\t\t\t\t\t<\/li>\n\t\t\t\t\t\t\t\t<li class=\"elementor-icon-list-item\">\n\t\t\t\t\t\t\t\t\t\t\t<span class=\"elementor-icon-list-icon\">\n\t\t\t\t\t\t\t<svg aria-hidden=\"true\" class=\"e-font-icon-svg e-fas-dot-circle\" viewbox=\"0 0 512 512\" xmlns=\"http:\/\/www.w3.org\/2000\/svg\"><path d=\"M256 8C119.033 8 8 119.033 8 256s111.033 248 248 248 248-111.033 248-248S392.967 8 256 8zm80 248c0 44.112-35.888 80-80 80s-80-35.888-80-80 35.888-80 80-80 80 35.888 80 80z\"><\/path><\/svg>\t\t\t\t\t\t<\/span>\n\t\t\t\t\t\t\t\t\t\t<span class=\"elementor-icon-list-text\">Uno no puede decir realmente que conoce un pasaje de las Escrituras a menos que pueda repetir lo que dice con sus propias palabras (Deuteronomio 30:11-14).<\/span>\n\t\t\t\t\t\t\t\t\t<\/li>\n\t\t\t\t\t\t\t\t<li class=\"elementor-icon-list-item\">\n\t\t\t\t\t\t\t\t\t\t\t<span class=\"elementor-icon-list-icon\">\n\t\t\t\t\t\t\t<svg aria-hidden=\"true\" class=\"e-font-icon-svg e-fas-dot-circle\" viewbox=\"0 0 512 512\" xmlns=\"http:\/\/www.w3.org\/2000\/svg\"><path d=\"M256 8C119.033 8 8 119.033 8 256s111.033 248 248 248 248-111.033 248-248S392.967 8 256 8zm80 248c0 44.112-35.888 80-80 80s-80-35.888-80-80 35.888-80 80-80 80 35.888 80 80z\"><\/path><\/svg>\t\t\t\t\t\t<\/span>\n\t\t\t\t\t\t\t\t\t\t<span class=\"elementor-icon-list-text\">Es necesario equipar a otros para manejar correctamente la Palabra de Verdad (2 Timoteo 2:15). Por lo tanto, no sumamos ni restamos detalles importantes cuando contamos historias b\u00edblicas. Tampoco combinamos varios pasajes para hacer una historia compuesta.<\/span>\n\t\t\t\t\t\t\t\t\t<\/li>\n\t\t\t\t\t\t\t\t<li class=\"elementor-icon-list-item\">\n\t\t\t\t\t\t\t\t\t\t\t<span class=\"elementor-icon-list-icon\">\n\t\t\t\t\t\t\t<svg aria-hidden=\"true\" class=\"e-font-icon-svg e-fas-dot-circle\" viewbox=\"0 0 512 512\" xmlns=\"http:\/\/www.w3.org\/2000\/svg\"><path d=\"M256 8C119.033 8 8 119.033 8 256s111.033 248 248 248 248-111.033 248-248S392.967 8 256 8zm80 248c0 44.112-35.888 80-80 80s-80-35.888-80-80 35.888-80 80-80 80 35.888 80 80z\"><\/path><\/svg>\t\t\t\t\t\t<\/span>\n\t\t\t\t\t\t\t\t\t\t<span class=\"elementor-icon-list-text\">El proceso de internalizar una historia b\u00edblica para reformularla naturalmente con las propias palabras es, esencialmente, la disciplina de la meditaci\u00f3n y el estudio de la Biblia (Josu\u00e9 1:8).<\/span>\n\t\t\t\t\t\t\t\t\t<\/li>\n\t\t\t\t\t\t\t\t<li class=\"elementor-icon-list-item\">\n\t\t\t\t\t\t\t\t\t\t\t<span class=\"elementor-icon-list-icon\">\n\t\t\t\t\t\t\t<svg aria-hidden=\"true\" class=\"e-font-icon-svg e-fas-dot-circle\" viewbox=\"0 0 512 512\" xmlns=\"http:\/\/www.w3.org\/2000\/svg\"><path d=\"M256 8C119.033 8 8 119.033 8 256s111.033 248 248 248 248-111.033 248-248S392.967 8 256 8zm80 248c0 44.112-35.888 80-80 80s-80-35.888-80-80 35.888-80 80-80 80 35.888 80 80z\"><\/path><\/svg>\t\t\t\t\t\t<\/span>\n\t\t\t\t\t\t\t\t\t\t<span class=\"elementor-icon-list-text\">El m\u00e9todo de contar historias b\u00edblicas es muy eficaz para el evangelismo, el discipulado, el equipamiento de l\u00edderes y la plantaci\u00f3n de iglesias (2 Timoteo 2:2). <\/span>\n\t\t\t\t\t\t\t\t\t<\/li>\n\t\t\t\t\t\t\t\t<li class=\"elementor-icon-list-item\">\n\t\t\t\t\t\t\t\t\t\t\t<span class=\"elementor-icon-list-icon\">\n\t\t\t\t\t\t\t<svg aria-hidden=\"true\" class=\"e-font-icon-svg e-fas-dot-circle\" viewbox=\"0 0 512 512\" xmlns=\"http:\/\/www.w3.org\/2000\/svg\"><path d=\"M256 8C119.033 8 8 119.033 8 256s111.033 248 248 248 248-111.033 248-248S392.967 8 256 8zm80 248c0 44.112-35.888 80-80 80s-80-35.888-80-80 35.888-80 80-80 80 35.888 80 80z\"><\/path><\/svg>\t\t\t\t\t\t<\/span>\n\t\t\t\t\t\t\t\t\t\t<span class=\"elementor-icon-list-text\">Es necesario permitir que los oyentes de la Palabra de Dios descubran lo que Dios est\u00e1 diciendo a trav\u00e9s de preguntas clave de comprensi\u00f3n y aplicaci\u00f3n (Jes\u00fas us\u00f3 a menudo preguntas para ense\u00f1ar a la gente).<\/span>\n\t\t\t\t\t\t\t\t\t<\/li>\n\t\t\t\t\t\t\t\t<li class=\"elementor-icon-list-item\">\n\t\t\t\t\t\t\t\t\t\t\t<span class=\"elementor-icon-list-icon\">\n\t\t\t\t\t\t\t<svg aria-hidden=\"true\" class=\"e-font-icon-svg e-fas-dot-circle\" viewbox=\"0 0 512 512\" xmlns=\"http:\/\/www.w3.org\/2000\/svg\"><path d=\"M256 8C119.033 8 8 119.033 8 256s111.033 248 248 248 248-111.033 248-248S392.967 8 256 8zm80 248c0 44.112-35.888 80-80 80s-80-35.888-80-80 35.888-80 80-80 80 35.888 80 80z\"><\/path><\/svg>\t\t\t\t\t\t<\/span>\n\t\t\t\t\t\t\t\t\t\t<span class=\"elementor-icon-list-text\">El uso de par\u00e1bolas, historias e im\u00e1genes concretas y figuras ret\u00f3ricas es prudente. As\u00ed es como ense\u00f1\u00f3 Jes\u00fas (Mateo 13:3, 33-34).<\/span>\n\t\t\t\t\t\t\t\t\t<\/li>\n\t\t\t\t\t\t\t\t<li class=\"elementor-icon-list-item\">\n\t\t\t\t\t\t\t\t\t\t\t<span class=\"elementor-icon-list-icon\">\n\t\t\t\t\t\t\t<svg aria-hidden=\"true\" class=\"e-font-icon-svg e-fas-dot-circle\" viewbox=\"0 0 512 512\" xmlns=\"http:\/\/www.w3.org\/2000\/svg\"><path d=\"M256 8C119.033 8 8 119.033 8 256s111.033 248 248 248 248-111.033 248-248S392.967 8 256 8zm80 248c0 44.112-35.888 80-80 80s-80-35.888-80-80 35.888-80 80-80 80 35.888 80 80z\"><\/path><\/svg>\t\t\t\t\t\t<\/span>\n\t\t\t\t\t\t\t\t\t\t<span class=\"elementor-icon-list-text\">Creemos que la pr\u00e1ctica de aprender, contar y ense\u00f1ar historias b\u00edblicas hace que la Palabra de Dios y el Evangelio sean m\u00e1s accesibles para m\u00e1s personas, incluidas aquellas que no saben leer ni escribir (Hechos 4:13).<\/span>\n\t\t\t\t\t\t\t\t\t<\/li>\n\t\t\t\t\t\t\t\t<li class=\"elementor-icon-list-item\">\n\t\t\t\t\t\t\t\t\t\t\t<span class=\"elementor-icon-list-icon\">\n\t\t\t\t\t\t\t<svg aria-hidden=\"true\" class=\"e-font-icon-svg e-fas-dot-circle\" viewbox=\"0 0 512 512\" xmlns=\"http:\/\/www.w3.org\/2000\/svg\"><path d=\"M256 8C119.033 8 8 119.033 8 256s111.033 248 248 248 248-111.033 248-248S392.967 8 256 8zm80 248c0 44.112-35.888 80-80 80s-80-35.888-80-80 35.888-80 80-80 80 35.888 80 80z\"><\/path><\/svg>\t\t\t\t\t\t<\/span>\n\t\t\t\t\t\t\t\t\t\t<span class=\"elementor-icon-list-text\">La Biblia escrita es la Palabra de Dios y dependemos completamente de ella. Sin embargo, tambi\u00e9n creemos que si dejamos de poner la Palabra de Dios en nuestro coraz\u00f3n y en nuestra boca, nos volvemos d\u00e9biles espiritualmente e ineficaces como testigos de Jesucristo (Deuteronomio 30:11-14).<\/span>\n\t\t\t\t\t\t\t\t\t<\/li>\n\t\t\t\t\t\t\t\t<li class=\"elementor-icon-list-item\">\n\t\t\t\t\t\t\t\t\t\t\t<span class=\"elementor-icon-list-icon\">\n\t\t\t\t\t\t\t<svg aria-hidden=\"true\" class=\"e-font-icon-svg e-fas-dot-circle\" viewbox=\"0 0 512 512\" xmlns=\"http:\/\/www.w3.org\/2000\/svg\"><path d=\"M256 8C119.033 8 8 119.033 8 256s111.033 248 248 248 248-111.033 248-248S392.967 8 256 8zm80 248c0 44.112-35.888 80-80 80s-80-35.888-80-80 35.888-80 80-80 80 35.888 80 80z\"><\/path><\/svg>\t\t\t\t\t\t<\/span>\n\t\t\t\t\t\t\t\t\t\t<span class=\"elementor-icon-list-text\">Es necesario contar historias b\u00edblicas sin comentarios ni explicaciones para que el oyente reciba una Biblia oral que luego pueda transmitir a otros (2 Timoteo 1:13-14; Apocalipsis 22:18-19).<\/span>\n\t\t\t\t\t\t\t\t\t<\/li>\n\t\t\t\t\t\t\t\t<li class=\"elementor-icon-list-item\">\n\t\t\t\t\t\t\t\t\t\t\t<span class=\"elementor-icon-list-icon\">\n\t\t\t\t\t\t\t<svg aria-hidden=\"true\" class=\"e-font-icon-svg e-fas-dot-circle\" viewbox=\"0 0 512 512\" xmlns=\"http:\/\/www.w3.org\/2000\/svg\"><path d=\"M256 8C119.033 8 8 119.033 8 256s111.033 248 248 248 248-111.033 248-248S392.967 8 256 8zm80 248c0 44.112-35.888 80-80 80s-80-35.888-80-80 35.888-80 80-80 80 35.888 80 80z\"><\/path><\/svg>\t\t\t\t\t\t<\/span>\n\t\t\t\t\t\t\t\t\t\t<span class=\"elementor-icon-list-text\">La Biblia no debe usarse simplemente como un libro de referencia, sino que debemos guardarla en\nnuestro coraz\u00f3n (Salmo 119:11).<\/span>\n\t\t\t\t\t\t\t\t\t<\/li>\n\t\t\t\t\t\t\t\t<li class=\"elementor-icon-list-item\">\n\t\t\t\t\t\t\t\t\t\t\t<span class=\"elementor-icon-list-icon\">\n\t\t\t\t\t\t\t<svg aria-hidden=\"true\" class=\"e-font-icon-svg e-fas-dot-circle\" viewbox=\"0 0 512 512\" xmlns=\"http:\/\/www.w3.org\/2000\/svg\"><path d=\"M256 8C119.033 8 8 119.033 8 256s111.033 248 248 248 248-111.033 248-248S392.967 8 256 8zm80 248c0 44.112-35.888 80-80 80s-80-35.888-80-80 35.888-80 80-80 80 35.888 80 80z\"><\/path><\/svg>\t\t\t\t\t\t<\/span>\n\t\t\t\t\t\t\t\t\t\t<span class=\"elementor-icon-list-text\">Las historias de la Biblia son para contar (no son solamente para leer, estudiar y hablar en conversaci\u00f3n) porque as\u00ed podemos proclamar las buenas nuevas de la presencia activa de Dios en nuestro mundo.<\/span>\n\t\t\t\t\t\t\t\t\t<\/li>\n\t\t\t\t\t\t\t\t<li class=\"elementor-icon-list-item\">\n\t\t\t\t\t\t\t\t\t\t\t<span class=\"elementor-icon-list-icon\">\n\t\t\t\t\t\t\t<svg aria-hidden=\"true\" class=\"e-font-icon-svg e-fas-dot-circle\" viewbox=\"0 0 512 512\" xmlns=\"http:\/\/www.w3.org\/2000\/svg\"><path d=\"M256 8C119.033 8 8 119.033 8 256s111.033 248 248 248 248-111.033 248-248S392.967 8 256 8zm80 248c0 44.112-35.888 80-80 80s-80-35.888-80-80 35.888-80 80-80 80 35.888 80 80z\"><\/path><\/svg>\t\t\t\t\t\t<\/span>\n\t\t\t\t\t\t\t\t\t\t<span class=\"elementor-icon-list-text\">La idea de una Biblia de Coraz\u00f3n tiene el potencial de cambiar el mundo para Cristo como lo hicieron los primeros disc\u00edpulos (Hechos 5:28; 17:6).<\/span>\n\t\t\t\t\t\t\t\t\t<\/li>\n\t\t\t\t\t\t\t\t<li class=\"elementor-icon-list-item\">\n\t\t\t\t\t\t\t\t\t\t\t<span class=\"elementor-icon-list-icon\">\n\t\t\t\t\t\t\t<svg aria-hidden=\"true\" class=\"e-font-icon-svg e-fas-dot-circle\" viewbox=\"0 0 512 512\" xmlns=\"http:\/\/www.w3.org\/2000\/svg\"><path d=\"M256 8C119.033 8 8 119.033 8 256s111.033 248 248 248 248-111.033 248-248S392.967 8 256 8zm80 248c0 44.112-35.888 80-80 80s-80-35.888-80-80 35.888-80 80-80 80 35.888 80 80z\"><\/path><\/svg>\t\t\t\t\t\t<\/span>\n\t\t\t\t\t\t\t\t\t\t<span class=\"elementor-icon-list-text\">Si no contemos las cuentas de la Biblia, nuestra silencia dice al mundo que no son importantes (Romanos 1:16). La palabra de Dios habla por s\u00ed solo y tiene que ser prominente sobre interpretaci\u00f3n o aplicaci\u00f3n. <\/span>\n\t\t\t\t\t\t\t\t\t<\/li>\n\t\t\t\t\t\t\t\t<li class=\"elementor-icon-list-item\">\n\t\t\t\t\t\t\t\t\t\t\t<span class=\"elementor-icon-list-icon\">\n\t\t\t\t\t\t\t<svg aria-hidden=\"true\" class=\"e-font-icon-svg e-fas-dot-circle\" viewbox=\"0 0 512 512\" xmlns=\"http:\/\/www.w3.org\/2000\/svg\"><path d=\"M256 8C119.033 8 8 119.033 8 256s111.033 248 248 248 248-111.033 248-248S392.967 8 256 8zm80 248c0 44.112-35.888 80-80 80s-80-35.888-80-80 35.888-80 80-80 80 35.888 80 80z\"><\/path><\/svg>\t\t\t\t\t\t<\/span>\n\t\t\t\t\t\t\t\t\t\t<span class=\"elementor-icon-list-text\">We believe the stories of the Bible speak for themselves and so we should be careful not to consider our interpretations of them as more important.<\/span>\n\t\t\t\t\t\t\t\t\t<\/li>\n\t\t\t\t\t\t<\/ul>\n\t\t\t\t\t\t<\/div>\n\t\t\t\t<\/div>\n\t\t\t\t<div class=\"elementor-element elementor-element-fee3177 elementor-widget elementor-widget-spacer\" data-id=\"fee3177\" data-element_type=\"widget\" data-e-type=\"widget\" data-widget_type=\"spacer.default\">\n\t\t\t\t<div class=\"elementor-widget-container\">\n\t\t\t\t\t\t\t<div class=\"elementor-spacer\">\n\t\t\t<div class=\"elementor-spacer-inner\"><\/div>\n\t\t<\/div>\n\t\t\t\t\t\t<\/div>\n\t\t\t\t<\/div>\n\t\t\t\t\t<\/div>\n\t\t<\/div>\n\t\t\t\t\t<\/div>\n\t\t<\/section>\n\t\t\t\t<section class=\"elementor-section elementor-top-section elementor-element elementor-element-e130dff elementor-section-boxed elementor-section-height-default elementor-section-height-default\" data-id=\"e130dff\" data-element_type=\"section\" data-e-type=\"section\">\n\t\t\t\t\t\t<div class=\"elementor-container elementor-column-gap-default\">\n\t\t\t\t\t<div class=\"elementor-column elementor-col-100 elementor-top-column elementor-element elementor-element-5fc0312\" data-id=\"5fc0312\" data-element_type=\"column\" data-e-type=\"column\">\n\t\t\t<div class=\"elementor-widget-wrap elementor-element-populated\">\n\t\t\t\t\t\t<div class=\"elementor-element elementor-element-88a79fc elementor-widget__width-initial elementor-widget elementor-widget-heading\" data-id=\"88a79fc\" data-element_type=\"widget\" data-e-type=\"widget\" data-widget_type=\"heading.default\">\n\t\t\t\t<div class=\"elementor-widget-container\">\n\t\t\t\t\t<h2 class=\"elementor-heading-title elementor-size-default\">Nuestras Capacitaciones<\/h2>\t\t\t\t<\/div>\n\t\t\t\t<\/div>\n\t\t\t\t<div class=\"elementor-element elementor-element-d0ae70d elementor-widget elementor-widget-text-editor\" data-id=\"d0ae70d\" data-element_type=\"widget\" data-e-type=\"widget\" data-widget_type=\"text-editor.default\">\n\t\t\t\t<div class=\"elementor-widget-container\">\n\t\t\t\t\t\t\t\t\t<p>Cuatro m\u00f3dulos de capacitaciones de 15 horas cada uno (Generalmente pasamos por lo\nmenos dos d\u00edas y media).<\/p>\n<p><strong>M\u00f3dulo Uno \u2013 Qu\u00e9 Significa una Biblia de Coraz\u00f3n y Por qu\u00e9 es Importante?&nbsp;<\/strong><\/p>\n<p>Aprendemos el significado y el valor de crecer una Biblia de Coraz\u00f3n como una disciplina\nespiritual. Vamos a aprender, contar y ense\u00f1ar historias b\u00edblicas sencillas. Despu\u00e8s de M\u00f3dulo\nUno, el participante tendr\u00e1 que aprender, contar y ense\u00f1ar una seria de seis Historias de\nMarcos como requisito para certificarse y continuar con el curso de BCN.<\/p>\n<p><strong>M\u00f3dulo Dos \u2013 C\u00f3mo evangelizar usando historias de la Biblia<\/strong><\/p>\n<p>Aprendemos c\u00f3mo usar historias b\u00edblicas como un puente del evang\u00e9lio. Usamos 15 ej\u00e9mplos\nde historias de la Biblia.&nbsp;<\/p>\n<p><strong>M\u00f3dulo Tres \u2013 C\u00f3mo crecer una Biblia de Coraz\u00f3n para las Naciones<\/strong><\/p>\n<p>Vamos a aprender, contar y ense\u00f1ar historias b\u00edblicas m\u00e1s dif\u00edciles. Empezamos una seria de\n22 Historias de G\u00e9nesis a la Ascensi\u00f3n de Jes\u00fas. Despu\u00e8s de M\u00f3dulo Tres, el participante\ntendr\u00e1 que aprender, contar y ense\u00f1ar una seria de ventidos Historias cronol\u00f3gicos del Antiguo\ny Nuevo Testamento como requisito para certificarse y continuar con el curso de BCN.&nbsp;<\/p>\n<p><strong>M\u00f3dulo Cuatro \u2013 C\u00f3mo estudiar Historias de la Biblia para Predicar y Ense\u00f1ar<\/strong><\/p>\n<p>Aprendemos principios y herramientas para descubrir el tema de narrativas de la Biblia con el\nfin de predicar o ense\u00f1ar.&nbsp;<\/p>\t\t\t\t\t\t\t\t<\/div>\n\t\t\t\t<\/div>\n\t\t\t\t<div class=\"elementor-element elementor-element-835a9dc elementor-align-center elementor-widget elementor-widget-button\" data-id=\"835a9dc\" data-element_type=\"widget\" data-e-type=\"widget\" data-widget_type=\"button.default\">\n\t\t\t\t<div class=\"elementor-widget-container\">\n\t\t\t\t\t\t\t\t\t<div class=\"elementor-button-wrapper\">\n\t\t\t\t\t<a class=\"elementor-button elementor-button-link elementor-size-md\" href=\"https:\/\/heartbible.com\/es\/training-courses\/\">\n\t\t\t\t\t\t<span class=\"elementor-button-content-wrapper\">\n\t\t\t\t\t\t\t\t\t<span class=\"elementor-button-text\">Schedule a training<\/span>\n\t\t\t\t\t<\/span>\n\t\t\t\t\t<\/a>\n\t\t\t\t<\/div>\n\t\t\t\t\t\t\t\t<\/div>\n\t\t\t\t<\/div>\n\t\t\t\t\t<\/div>\n\t\t<\/div>\n\t\t\t\t\t<\/div>\n\t\t<\/section>\n\t\t\t\t<section class=\"elementor-section elementor-top-section elementor-element elementor-element-8b469c7 elementor-section-boxed elementor-section-height-default elementor-section-height-default\" data-id=\"8b469c7\" data-element_type=\"section\" data-e-type=\"section\">\n\t\t\t\t\t\t<div class=\"elementor-container elementor-column-gap-default\">\n\t\t\t\t\t<div class=\"elementor-column elementor-col-100 elementor-top-column elementor-element elementor-element-0563d0e\" data-id=\"0563d0e\" data-element_type=\"column\" data-e-type=\"column\">\n\t\t\t<div class=\"elementor-widget-wrap elementor-element-populated\">\n\t\t\t\t\t\t<div class=\"elementor-element elementor-element-99f57e9 elementor-widget elementor-widget-spacer\" data-id=\"99f57e9\" data-element_type=\"widget\" data-e-type=\"widget\" data-widget_type=\"spacer.default\">\n\t\t\t\t<div class=\"elementor-widget-container\">\n\t\t\t\t\t\t\t<div class=\"elementor-spacer\">\n\t\t\t<div class=\"elementor-spacer-inner\"><\/div>\n\t\t<\/div>\n\t\t\t\t\t\t<\/div>\n\t\t\t\t<\/div>\n\t\t\t\t<div class=\"elementor-element elementor-element-ad77aa4 elementor-widget elementor-widget-heading\" data-id=\"ad77aa4\" data-element_type=\"widget\" data-e-type=\"widget\" data-widget_type=\"heading.default\">\n\t\t\t\t<div class=\"elementor-widget-container\">\n\t\t\t\t\t<h2 class=\"elementor-heading-title elementor-size-default\">La historia de Biblia de Coraz\u00f3n para los Naciones<\/h2>\t\t\t\t<\/div>\n\t\t\t\t<\/div>\n\t\t\t\t<section class=\"elementor-section elementor-inner-section elementor-element elementor-element-ec367a8 elementor-section-boxed elementor-section-height-default elementor-section-height-default\" data-id=\"ec367a8\" data-element_type=\"section\" data-e-type=\"section\">\n\t\t\t\t\t\t<div class=\"elementor-container elementor-column-gap-default\">\n\t\t\t\t\t<div class=\"elementor-column elementor-col-100 elementor-inner-column elementor-element elementor-element-a7959f9\" data-id=\"a7959f9\" data-element_type=\"column\" data-e-type=\"column\">\n\t\t\t<div class=\"elementor-widget-wrap elementor-element-populated\">\n\t\t\t\t\t\t<div class=\"elementor-element elementor-element-208b5ff elementor-widget elementor-widget-text-editor\" data-id=\"208b5ff\" data-element_type=\"widget\" data-e-type=\"widget\" data-widget_type=\"text-editor.default\">\n\t\t\t\t<div class=\"elementor-widget-container\">\n\t\t\t\t\t\t\t\t\t<p><span style=\"font-weight: 400;\">Mientras criaba a sus tres hijos, Equipping Evangelist hab\u00eda desempe\u00f1ado funciones pastorales durante 13 a\u00f1os y su esposa trabajaba como enfermera registrada. Comenzaron su carrera misionera plantando 3 iglesias hispanas en los suburbios de Chicago. Despu\u00e9s de que sus hijos se casaron, EE comenz\u00f3 a capacitar pastores en Centroam\u00e9rica, enfoc\u00e1ndose en predicar sermones expositivos.\u00a0<\/span><\/p><p><span style=\"font-weight: 400;\">Aunque sent\u00edan que el Se\u00f1or quer\u00eda que sirvieran juntos, no sab\u00edan c\u00f3mo servir\u00eda su esposa, ya que ella no ten\u00eda una formaci\u00f3n formal en el seminario. Al mismo tiempo, qued\u00f3 claro que muchos de los pastores a los que EE ense\u00f1aba ten\u00edan una educaci\u00f3n m\u00ednima y los m\u00e9todos de estilo alfabetizado que estaba usando parec\u00edan fuera de su alcance.\u00a0\u00a0<\/span><\/p><p><span style=\"font-weight: 400;\">Luego el Se\u00f1or los llev\u00f3 a una Conferencia de Misiones en los Estados Unidos, donde fueron expuestos al concepto de Oralidad y Narraci\u00f3n Cronol\u00f3gica de la Biblia en las Misiones. Sintiendo que esto podr\u00eda ser una soluci\u00f3n a ambos dilemas, asistieron a varios talleres de capacitaci\u00f3n y adaptaron lo que hab\u00edan aprendido a sus propios contextos de ense\u00f1anza. Inmediatamente, vieron c\u00f3mo pod\u00edan ense\u00f1ar y c\u00f3mo los participantes pod\u00edan aprender, contar y ense\u00f1ar de manera muy efectiva usando las narrativas de la Biblia.<\/span><\/p><p><span style=\"font-weight: 400;\">Despu\u00e9s del tiempo y la experiencia, qued\u00f3 claro que el Se\u00f1or no s\u00f3lo les hab\u00eda mostrado una maravillosa herramienta para la evangelizaci\u00f3n y el discipulado, sino tambi\u00e9n una manera de desarrollar su propio conocimiento de la Biblia y profundizar su fe.\u00a0\u00a0<\/span><\/p><p><span style=\"font-weight: 400;\">As\u00ed, se concibi\u00f3 la idea de \u201chacer crecer una Biblia del Coraz\u00f3n\u201d y finalmente, despu\u00e9s de a\u00f1os de uso en ministerios locales e internacionales, naci\u00f3 la Biblia del Coraz\u00f3n para las Naciones.<\/span><\/p><p><span style=\"font-weight: 400;\">La primera \u201cIglesia B\u00edblica Coraz\u00f3n\u201d surgi\u00f3 en Venezuela en 2022, y hoy en d\u00eda, hay m\u00e1s de 50 iglesias, ministerios y escuelas B\u00edblicas Coraz\u00f3n en todo el mundo.<\/span><\/p>\t\t\t\t\t\t\t\t<\/div>\n\t\t\t\t<\/div>\n\t\t\t\t\t<\/div>\n\t\t<\/div>\n\t\t\t\t\t<\/div>\n\t\t<\/section>\n\t\t\t\t\t<\/div>\n\t\t<\/div>\n\t\t\t\t\t<\/div>\n\t\t<\/section>\n\t\t\t\t<\/div>","protected":false},"excerpt":{"rendered":"<p>What is Heart Bible all about? We want to write the Bible on the hearts of every tribe, tongue, and nation. https:\/\/youtu.be\/yXI4eK-PmcA Core Values and Convictions The Word of God is our bread of life. Therefore, we believe it is necessary to meditate on God\u2019s Word and that it abides within us to nourish the&hellip;<\/p>","protected":false},"author":1,"featured_media":0,"parent":1907,"menu_order":0,"comment_status":"closed","ping_status":"closed","template":"","meta":{"give_campaign_id":0,"footnotes":""},"class_list":["post-1895","page","type-page","status-publish","hentry"],"campaignId":"","_links":{"self":[{"href":"https:\/\/heartbible.com\/es\/wp-json\/wp\/v2\/pages\/1895","targetHints":{"allow":["GET"]}}],"collection":[{"href":"https:\/\/heartbible.com\/es\/wp-json\/wp\/v2\/pages"}],"about":[{"href":"https:\/\/heartbible.com\/es\/wp-json\/wp\/v2\/types\/page"}],"author":[{"embeddable":true,"href":"https:\/\/heartbible.com\/es\/wp-json\/wp\/v2\/users\/1"}],"replies":[{"embeddable":true,"href":"https:\/\/heartbible.com\/es\/wp-json\/wp\/v2\/comments?post=1895"}],"version-history":[{"count":2,"href":"https:\/\/heartbible.com\/es\/wp-json\/wp\/v2\/pages\/1895\/revisions"}],"predecessor-version":[{"id":40909,"href":"https:\/\/heartbible.com\/es\/wp-json\/wp\/v2\/pages\/1895\/revisions\/40909"}],"up":[{"embeddable":true,"href":"https:\/\/heartbible.com\/es\/wp-json\/wp\/v2\/pages\/1907"}],"wp:attachment":[{"href":"https:\/\/heartbible.com\/es\/wp-json\/wp\/v2\/media?parent=1895"}],"curies":[{"name":"wp","href":"https:\/\/api.w.org\/{rel}","templated":true}]}}